{"id":78,"date":"2025-06-17T23:23:58","date_gmt":"2025-06-17T23:23:58","guid":{"rendered":"https:\/\/www.hexon-poland.com\/?page_id=78"},"modified":"2025-06-17T23:28:22","modified_gmt":"2025-06-17T23:28:22","slug":"odnawialne-zrodla-energii","status":"publish","type":"page","link":"https:\/\/www.hexon-poland.com\/index.php\/odnawialne-zrodla-energii\/","title":{"rendered":"Odnawialne \u0179r\u00f3d\u0142a Energii"},"content":{"rendered":"\n<p>Cz\u0119\u015bci\u0105 naszej dzia\u0142alno\u015bci jest poszukiwanie rozwi\u0105za\u0144 z bran\u017cy odnawialnych \u017ar\u00f3de\u0142 energii oraz paliw alternatywnych.<\/p>\n\n\n\n<p>W naszej ofercie mamy us\u0142ugi z zakresu:<br>&#8211; strukturyzowanych rozwi\u0105za\u0144 energetycznych,<br>&#8211; zarz\u0105dzania portfelem energetycznym,<br>&#8211; tworzeniem produkt\u00f3w zabezpieczaj\u0105cych i zarz\u0105dzania ryzykiem,<br>&#8211; doboru odpowiedniej dla Pa\u0144stwa oferty odnawialnych \u017ar\u00f3de\u0142 energii.<\/p>\n\n\n\n<p>Odpowiednio dobrana metoda zakupu energii ma kluczowe znaczenie dla konkurencyjno\u015bci Pa\u0144stwa przedsi\u0119biorstwa. Posiadamy w swojej ofercie zar\u00f3wno standardowe produkty jak i z\u0142o\u017cone rozwi\u0105zania i us\u0142ugi. Dopasujemy je do profilu Pa\u0144stwa przedsi\u0119biorstwa i indywidualnych potrzeb.<\/p>\n","protected":false},"excerpt":{"rendered":"<p>Cz\u0119\u015bci\u0105 naszej dzia\u0142alno\u015bci jest poszukiwanie rozwi\u0105za\u0144 z bran\u017cy odnawialnych \u017ar\u00f3de\u0142 energii oraz paliw alternatywnych. W naszej ofercie mamy us\u0142ugi z zakresu:&#8211; strukturyzowanych rozwi\u0105za\u0144 energetycznych,&#8211; zarz\u0105dzania portfelem energetycznym,&#8211; tworzeniem produkt\u00f3w zabezpieczaj\u0105cych i zarz\u0105dzania ryzykiem,&#8211; doboru odpowiedniej dla Pa\u0144stwa oferty odnawialnych \u017ar\u00f3de\u0142 energii. Odpowiednio dobrana metoda zakupu energii ma kluczowe znaczenie dla konkurencyjno\u015bci Pa\u0144stwa przedsi\u0119biorstwa. Posiadamy w &hellip; <\/p>\n<p class=\"link-more\"><a href=\"https:\/\/www.hexon-poland.com\/index.php\/odnawialne-zrodla-energii\/\" class=\"more-link\">Czytaj dalej<span class=\"screen-reader-text\"> \u201eOdnawialne \u0179r\u00f3d\u0142a Energii\u201d<\/span><\/a><\/p>\n","protected":false},"author":1,"featured_media":0,"parent":0,"menu_order":0,"comment_status":"closed","ping_status":"closed","template":"","meta":{"footnotes":""},"class_list":["post-78","page","type-page","status-publish","hentry"],"_links":{"self":[{"href":"https:\/\/www.hexon-poland.com\/index.php\/wp-json\/wp\/v2\/pages\/78","targetHints":{"allow":["GET"]}}],"collection":[{"href":"https:\/\/www.hexon-poland.com\/index.php\/wp-json\/wp\/v2\/pages"}],"about":[{"href":"https:\/\/www.hexon-poland.com\/index.php\/wp-json\/wp\/v2\/types\/page"}],"author":[{"embeddable":true,"href":"https:\/\/www.hexon-poland.com\/index.php\/wp-json\/wp\/v2\/users\/1"}],"replies":[{"embeddable":true,"href":"https:\/\/www.hexon-poland.com\/index.php\/wp-json\/wp\/v2\/comments?post=78"}],"version-history":[{"count":3,"href":"https:\/\/www.hexon-poland.com\/index.php\/wp-json\/wp\/v2\/pages\/78\/revisions"}],"predecessor-version":[{"id":84,"href":"https:\/\/www.hexon-poland.com\/index.php\/wp-json\/wp\/v2\/pages\/78\/revisions\/84"}],"wp:attachment":[{"href":"https:\/\/www.hexon-poland.com\/index.php\/wp-json\/wp\/v2\/media?parent=78"}],"curies":[{"name":"wp","href":"https:\/\/api.w.org\/{rel}","templated":true}]}}