{"id":85,"date":"2025-06-17T23:28:58","date_gmt":"2025-06-17T23:28:58","guid":{"rendered":"https:\/\/www.hexon-poland.com\/?page_id=85"},"modified":"2025-06-17T23:28:58","modified_gmt":"2025-06-17T23:28:58","slug":"kariera","status":"publish","type":"page","link":"https:\/\/www.hexon-poland.com\/index.php\/kariera\/","title":{"rendered":"Kariera"},"content":{"rendered":"\n<p>Bez codziennego wype\u0142niania swoich obowi\u0105zk\u00f3w przez naszych pracownik\u00f3w, ich pomys\u0142\u00f3w i zaanga\u017cowania, nasza Firma nie by\u0142aby w stanie osi\u0105gn\u0105\u0107 \u017cadnego sukcesu ekonomicznego, jednak poza sukcesem w kategoriach ekonomicznych praca dla naszej Firmy powinna mie\u0107 tak\u017ce sens dla samych pracownik\u00f3w; powinna oferowa\u0107 samorealizacj\u0119, przyjemno\u015b\u0107 w kontaktach z innymi oraz zapewnia\u0107 mo\u017cliwo\u015bci rozwoju osobistego. Tworzenie \u015brodowiska zawodowego, kt\u00f3re oferuje powy\u017csze warunki stanowi dla nas priorytet.<\/p>\n\n\n\n<p>Od planowania i wdro\u017cenia szkole\u0144 oraz kszta\u0142cenia dostosowanego do wymaga\u0144, poprzez zagwarantowanie zatrudnienia, po ochron\u0119 zdrowia oraz dzia\u0142alno\u015b\u0107 socjaln\u0105 i kultur\u0119 &#8211; wszystko to okre\u015bla Firm\u0119 jako atrakcyjnego pracodawc\u0119.<\/p>\n\n\n\n<p>Postaramy si\u0119 wspiera\u0107 powy\u017csze zadania, ale w ostateczno\u015bci ich osi\u0105gni\u0119cie stanowi zawsze rezultat pozytywnego wsp\u00f3\u0142dzia\u0142ania wszystkich pracownik\u00f3w i kierownictwa.<\/p>\n","protected":false},"excerpt":{"rendered":"<p>Bez codziennego wype\u0142niania swoich obowi\u0105zk\u00f3w przez naszych pracownik\u00f3w, ich pomys\u0142\u00f3w i zaanga\u017cowania, nasza Firma nie by\u0142aby w stanie osi\u0105gn\u0105\u0107 \u017cadnego sukcesu ekonomicznego, jednak poza sukcesem w kategoriach ekonomicznych praca dla naszej Firmy powinna mie\u0107 tak\u017ce sens dla samych pracownik\u00f3w; powinna oferowa\u0107 samorealizacj\u0119, przyjemno\u015b\u0107 w kontaktach z innymi oraz zapewnia\u0107 mo\u017cliwo\u015bci rozwoju osobistego. Tworzenie \u015brodowiska zawodowego, &hellip; <\/p>\n<p class=\"link-more\"><a href=\"https:\/\/www.hexon-poland.com\/index.php\/kariera\/\" class=\"more-link\">Czytaj dalej<span class=\"screen-reader-text\"> \u201eKariera\u201d<\/span><\/a><\/p>\n","protected":false},"author":1,"featured_media":0,"parent":0,"menu_order":0,"comment_status":"closed","ping_status":"closed","template":"","meta":{"footnotes":""},"class_list":["post-85","page","type-page","status-publish","hentry"],"_links":{"self":[{"href":"https:\/\/www.hexon-poland.com\/index.php\/wp-json\/wp\/v2\/pages\/85","targetHints":{"allow":["GET"]}}],"collection":[{"href":"https:\/\/www.hexon-poland.com\/index.php\/wp-json\/wp\/v2\/pages"}],"about":[{"href":"https:\/\/www.hexon-poland.com\/index.php\/wp-json\/wp\/v2\/types\/page"}],"author":[{"embeddable":true,"href":"https:\/\/www.hexon-poland.com\/index.php\/wp-json\/wp\/v2\/users\/1"}],"replies":[{"embeddable":true,"href":"https:\/\/www.hexon-poland.com\/index.php\/wp-json\/wp\/v2\/comments?post=85"}],"version-history":[{"count":1,"href":"https:\/\/www.hexon-poland.com\/index.php\/wp-json\/wp\/v2\/pages\/85\/revisions"}],"predecessor-version":[{"id":86,"href":"https:\/\/www.hexon-poland.com\/index.php\/wp-json\/wp\/v2\/pages\/85\/revisions\/86"}],"wp:attachment":[{"href":"https:\/\/www.hexon-poland.com\/index.php\/wp-json\/wp\/v2\/media?parent=85"}],"curies":[{"name":"wp","href":"https:\/\/api.w.org\/{rel}","templated":true}]}}