{"id":96,"date":"2025-06-17T23:52:47","date_gmt":"2025-06-17T23:52:47","guid":{"rendered":"https:\/\/www.hexon-poland.com\/?page_id=96"},"modified":"2025-06-18T00:10:38","modified_gmt":"2025-06-18T00:10:38","slug":"strona-glowna-2","status":"publish","type":"page","link":"https:\/\/www.hexon-poland.com\/","title":{"rendered":"O nas&#8230;"},"content":{"rendered":"\n<p>HEXON to nowoczesna i dynamicznie rozwijaj\u0105ca si\u0119 firma bran\u017cy zaopatrzenia przemys\u0142u. W naszej ofercie znajdziecie Pa\u0144stwo najwy\u017cszej jako\u015bci surowce chemiczne, mineralne i komponenty.<\/p>\n\n\n\n<p>W grupie surowc\u00f3w oferujemy naszym klientom wyroby polskich i zagranicznych firm. Jeste\u015bmy gwarantem jako\u015bci oraz terminowo\u015bci dostaw. Spo\u015br\u00f3d konkurencji na rynku wyr\u00f3\u017cnia nas: szybka realizacja dostaw, dba\u0142o\u015b\u0107 o jako\u015b\u0107 i bezpiecze\u0144stwo, wsp\u00f3\u0142praca z najlepszymi ekspertami bran\u017cy, doradztwo technologiczne dla naszych klient\u00f3w.<\/p>\n\n\n\n<p><\/p>\n","protected":false},"excerpt":{"rendered":"<p>HEXON to nowoczesna i dynamicznie rozwijaj\u0105ca si\u0119 firma bran\u017cy zaopatrzenia przemys\u0142u. W naszej ofercie znajdziecie Pa\u0144stwo najwy\u017cszej jako\u015bci surowce chemiczne, mineralne i komponenty. W grupie surowc\u00f3w oferujemy naszym klientom wyroby polskich i zagranicznych firm. Jeste\u015bmy gwarantem jako\u015bci oraz terminowo\u015bci dostaw. Spo\u015br\u00f3d konkurencji na rynku wyr\u00f3\u017cnia nas: szybka realizacja dostaw, dba\u0142o\u015b\u0107 o jako\u015b\u0107 i bezpiecze\u0144stwo, wsp\u00f3\u0142praca &hellip; <\/p>\n<p class=\"link-more\"><a href=\"https:\/\/www.hexon-poland.com\/\" class=\"more-link\">Czytaj dalej<span class=\"screen-reader-text\"> \u201eO nas&#8230;\u201d<\/span><\/a><\/p>\n","protected":false},"author":1,"featured_media":0,"parent":0,"menu_order":0,"comment_status":"closed","ping_status":"closed","template":"","meta":{"footnotes":""},"class_list":["post-96","page","type-page","status-publish","hentry"],"_links":{"self":[{"href":"https:\/\/www.hexon-poland.com\/index.php\/wp-json\/wp\/v2\/pages\/96","targetHints":{"allow":["GET"]}}],"collection":[{"href":"https:\/\/www.hexon-poland.com\/index.php\/wp-json\/wp\/v2\/pages"}],"about":[{"href":"https:\/\/www.hexon-poland.com\/index.php\/wp-json\/wp\/v2\/types\/page"}],"author":[{"embeddable":true,"href":"https:\/\/www.hexon-poland.com\/index.php\/wp-json\/wp\/v2\/users\/1"}],"replies":[{"embeddable":true,"href":"https:\/\/www.hexon-poland.com\/index.php\/wp-json\/wp\/v2\/comments?post=96"}],"version-history":[{"count":2,"href":"https:\/\/www.hexon-poland.com\/index.php\/wp-json\/wp\/v2\/pages\/96\/revisions"}],"predecessor-version":[{"id":98,"href":"https:\/\/www.hexon-poland.com\/index.php\/wp-json\/wp\/v2\/pages\/96\/revisions\/98"}],"wp:attachment":[{"href":"https:\/\/www.hexon-poland.com\/index.php\/wp-json\/wp\/v2\/media?parent=96"}],"curies":[{"name":"wp","href":"https:\/\/api.w.org\/{rel}","templated":true}]}}